{"id":840240,"date":"2024-04-19T10:00:51","date_gmt":"2024-04-19T08:00:51","guid":{"rendered":"https:\/\/captaincruise.be\/?page_id=840240"},"modified":"2024-05-14T11:54:10","modified_gmt":"2024-05-14T09:54:10","slug":"top-10-hal-jusquau-30-04","status":"publish","type":"page","link":"https:\/\/www.captaincruise.be\/fr\/top-10-hal-jusquau-30-04\/","title":{"rendered":"TOP 10 HAL jusqu&rsquo;au 28\/05"},"content":{"rendered":"<h2><img loading=\"lazy\" decoding=\"async\" class=\"alignnone wp-image-861018 size-full\" style=\"font-size: 1.8em;\" src=\"https:\/\/www.captaincruise.be\/wp-content\/uploads\/2024\/05\/fr-e1715680382647.png\" alt=\"\" width=\"3886\" height=\"4180\" srcset=\"https:\/\/www.captaincruise.be\/wp-content\/uploads\/2024\/05\/fr-e1715680382647.png 3886w, https:\/\/www.captaincruise.be\/wp-content\/uploads\/2024\/05\/fr-e1715680382647-279x300.png 279w, https:\/\/www.captaincruise.be\/wp-content\/uploads\/2024\/05\/fr-e1715680382647-952x1024.png 952w, https:\/\/www.captaincruise.be\/wp-content\/uploads\/2024\/05\/fr-e1715680382647-768x826.png 768w, https:\/\/www.captaincruise.be\/wp-content\/uploads\/2024\/05\/fr-e1715680382647-1428x1536.png 1428w, https:\/\/www.captaincruise.be\/wp-content\/uploads\/2024\/05\/fr-e1715680382647-1904x2048.png 1904w, https:\/\/www.captaincruise.be\/wp-content\/uploads\/2024\/05\/fr-e1715680382647-1320x1420.png 1320w\" sizes=\"auto, (max-width: 3886px) 100vw, 3886px\" \/><img loading=\"lazy\" decoding=\"async\" class=\"alignnone wp-image-861012 size-full\" src=\"https:\/\/www.captaincruise.be\/wp-content\/uploads\/2024\/05\/fr-2.png\" alt=\"\" width=\"3889\" height=\"5500\" srcset=\"https:\/\/www.captaincruise.be\/wp-content\/uploads\/2024\/05\/fr-2.png 3889w, https:\/\/www.captaincruise.be\/wp-content\/uploads\/2024\/05\/fr-2-212x300.png 212w, https:\/\/www.captaincruise.be\/wp-content\/uploads\/2024\/05\/fr-2-724x1024.png 724w, https:\/\/www.captaincruise.be\/wp-content\/uploads\/2024\/05\/fr-2-768x1086.png 768w, https:\/\/www.captaincruise.be\/wp-content\/uploads\/2024\/05\/fr-2-1086x1536.png 1086w, https:\/\/www.captaincruise.be\/wp-content\/uploads\/2024\/05\/fr-2-1448x2048.png 1448w, https:\/\/www.captaincruise.be\/wp-content\/uploads\/2024\/05\/fr-2-1320x1867.png 1320w\" sizes=\"auto, (max-width: 3889px) 100vw, 3889px\" \/> <img loading=\"lazy\" decoding=\"async\" class=\"alignnone wp-image-861014 size-full\" src=\"https:\/\/www.captaincruise.be\/wp-content\/uploads\/2024\/05\/fr-3.png\" alt=\"\" width=\"3889\" height=\"5500\" srcset=\"https:\/\/www.captaincruise.be\/wp-content\/uploads\/2024\/05\/fr-3.png 3889w, https:\/\/www.captaincruise.be\/wp-content\/uploads\/2024\/05\/fr-3-212x300.png 212w, https:\/\/www.captaincruise.be\/wp-content\/uploads\/2024\/05\/fr-3-724x1024.png 724w, https:\/\/www.captaincruise.be\/wp-content\/uploads\/2024\/05\/fr-3-768x1086.png 768w, https:\/\/www.captaincruise.be\/wp-content\/uploads\/2024\/05\/fr-3-1086x1536.png 1086w, https:\/\/www.captaincruise.be\/wp-content\/uploads\/2024\/05\/fr-3-1448x2048.png 1448w, https:\/\/www.captaincruise.be\/wp-content\/uploads\/2024\/05\/fr-3-1320x1867.png 1320w\" sizes=\"auto, (max-width: 3889px) 100vw, 3889px\" \/><\/h2>\n<h2 style=\"text-align: center;\"><strong>Naviguez d\u00e8s maintenant \u00e0 partir de 749,- \u20ac par personne !<br \/>\nOffre valable jusqu&rsquo;au 28\/05\/2024<\/strong><\/h2>\n<h3 style=\"text-align: center;\"><span class=\"OYPEnA text-decoration-none text-strikethrough-none\">Demandez \u00e0 nos experts en croisi\u00e8res les disponibilit\u00e9s, les conditions et les prix actuels \u00e0 info@captaincruise.be ou appelez-nous au 02 &#8211; 808 08 55.<\/span><\/h3>\n","protected":false},"excerpt":{"rendered":"<p>Naviguez d\u00e8s maintenant \u00e0 partir de 749,- \u20ac par personne ! Offre valable jusqu&rsquo;au 28\/05\/2024 Demandez \u00e0 nos experts en croisi\u00e8res les disponibilit\u00e9s, les conditions et les prix actuels \u00e0 info@captaincruise.be ou appelez-nous au 02 &#8211; 808 08 55.<\/p>\n","protected":false},"author":3,"featured_media":0,"parent":0,"menu_order":0,"comment_status":"closed","ping_status":"closed","template":"","meta":{"_acf_changed":false,"footnotes":""},"class_list":["post-840240","page","type-page","status-publish","hentry"],"acf":[],"yoast_head":"<!-- This site is optimized with the Yoast SEO plugin v27.4 - https:\/\/yoast.com\/product\/yoast-seo-wordpress\/ -->\n<title>TOP 10 HAL jusqu&#039;au 28\/05 - CaptainCruise<\/title>\n<meta name=\"robots\" content=\"index, follow, max-snippet:-1, max-image-preview:large, max-video-preview:-1\" \/>\n<link rel=\"canonical\" href=\"https:\/\/www.captaincruise.be\/fr\/top-10-hal-jusquau-30-04\/\" \/>\n<meta property=\"og:locale\" content=\"fr_FR\" \/>\n<meta property=\"og:type\" content=\"article\" \/>\n<meta property=\"og:title\" content=\"TOP 10 HAL jusqu&#039;au 28\/05 - CaptainCruise\" \/>\n<meta property=\"og:description\" content=\"Naviguez d\u00e8s maintenant \u00e0 partir de 749,- \u20ac par personne ! Offre valable jusqu&rsquo;au 28\/05\/2024 Demandez \u00e0 nos experts en croisi\u00e8res les disponibilit\u00e9s, les conditions et les prix actuels \u00e0 info@captaincruise.be ou appelez-nous au 02 &#8211; 808 08 55.\" \/>\n<meta property=\"og:url\" content=\"https:\/\/www.captaincruise.be\/fr\/top-10-hal-jusquau-30-04\/\" \/>\n<meta property=\"og:site_name\" content=\"CaptainCruise\" \/>\n<meta property=\"article:modified_time\" content=\"2024-05-14T09:54:10+00:00\" \/>\n<meta property=\"og:image\" content=\"https:\/\/www.captaincruise.be\/wp-content\/uploads\/2024\/05\/fr-e1715680382647.png\" \/>\n<meta name=\"twitter:card\" content=\"summary_large_image\" \/>\n<meta name=\"twitter:label1\" content=\"Dur\u00e9e de lecture estim\u00e9e\" \/>\n\t<meta name=\"twitter:data1\" content=\"1 minute\" \/>\n<script type=\"application\/ld+json\" class=\"yoast-schema-graph\">{\"@context\":\"https:\\\/\\\/schema.org\",\"@graph\":[{\"@type\":\"WebPage\",\"@id\":\"https:\\\/\\\/www.captaincruise.be\\\/fr\\\/top-10-hal-jusquau-30-04\\\/\",\"url\":\"https:\\\/\\\/www.captaincruise.be\\\/fr\\\/top-10-hal-jusquau-30-04\\\/\",\"name\":\"TOP 10 HAL jusqu'au 28\\\/05 - CaptainCruise\",\"isPartOf\":{\"@id\":\"https:\\\/\\\/www.captaincruise.be\\\/#website\"},\"primaryImageOfPage\":{\"@id\":\"https:\\\/\\\/www.captaincruise.be\\\/fr\\\/top-10-hal-jusquau-30-04\\\/#primaryimage\"},\"image\":{\"@id\":\"https:\\\/\\\/www.captaincruise.be\\\/fr\\\/top-10-hal-jusquau-30-04\\\/#primaryimage\"},\"thumbnailUrl\":\"https:\\\/\\\/www.captaincruise.be\\\/wp-content\\\/uploads\\\/2024\\\/05\\\/fr-e1715680382647.png\",\"datePublished\":\"2024-04-19T08:00:51+00:00\",\"dateModified\":\"2024-05-14T09:54:10+00:00\",\"breadcrumb\":{\"@id\":\"https:\\\/\\\/www.captaincruise.be\\\/fr\\\/top-10-hal-jusquau-30-04\\\/#breadcrumb\"},\"inLanguage\":\"fr-FR\",\"potentialAction\":[{\"@type\":\"ReadAction\",\"target\":[\"https:\\\/\\\/www.captaincruise.be\\\/fr\\\/top-10-hal-jusquau-30-04\\\/\"]}]},{\"@type\":\"ImageObject\",\"inLanguage\":\"fr-FR\",\"@id\":\"https:\\\/\\\/www.captaincruise.be\\\/fr\\\/top-10-hal-jusquau-30-04\\\/#primaryimage\",\"url\":\"https:\\\/\\\/www.captaincruise.be\\\/wp-content\\\/uploads\\\/2024\\\/05\\\/fr-e1715680382647.png\",\"contentUrl\":\"https:\\\/\\\/www.captaincruise.be\\\/wp-content\\\/uploads\\\/2024\\\/05\\\/fr-e1715680382647.png\"},{\"@type\":\"BreadcrumbList\",\"@id\":\"https:\\\/\\\/www.captaincruise.be\\\/fr\\\/top-10-hal-jusquau-30-04\\\/#breadcrumb\",\"itemListElement\":[{\"@type\":\"ListItem\",\"position\":1,\"name\":\"Home\",\"item\":\"https:\\\/\\\/www.captaincruise.be\\\/fr\\\/\"},{\"@type\":\"ListItem\",\"position\":2,\"name\":\"TOP 10 HAL jusqu&rsquo;au 28\\\/05\"}]},{\"@type\":\"WebSite\",\"@id\":\"https:\\\/\\\/www.captaincruise.be\\\/#website\",\"url\":\"https:\\\/\\\/www.captaincruise.be\\\/\",\"name\":\"CaptainCruise\",\"description\":\"\",\"publisher\":{\"@id\":\"https:\\\/\\\/www.captaincruise.be\\\/#organization\"},\"potentialAction\":[{\"@type\":\"SearchAction\",\"target\":{\"@type\":\"EntryPoint\",\"urlTemplate\":\"https:\\\/\\\/www.captaincruise.be\\\/?s={search_term_string}\"},\"query-input\":{\"@type\":\"PropertyValueSpecification\",\"valueRequired\":true,\"valueName\":\"search_term_string\"}}],\"inLanguage\":\"fr-FR\"},{\"@type\":\"Organization\",\"@id\":\"https:\\\/\\\/www.captaincruise.be\\\/#organization\",\"name\":\"CaptainCruise\",\"url\":\"https:\\\/\\\/www.captaincruise.be\\\/\",\"logo\":{\"@type\":\"ImageObject\",\"inLanguage\":\"fr-FR\",\"@id\":\"https:\\\/\\\/www.captaincruise.be\\\/#\\\/schema\\\/logo\\\/image\\\/\",\"url\":\"https:\\\/\\\/captb6.site.transip.me\u2019 --recurse-objects --skip-columns=guid\\n\\n\\n\\n;\\n;\\n\\\/wp-content\\\/uploads\\\/2021\\\/05\\\/captaincruise.png\",\"contentUrl\":\"https:\\\/\\\/captb6.site.transip.me\u2019 --recurse-objects --skip-columns=guid\\n\\n\\n\\n;\\n;\\n\\\/wp-content\\\/uploads\\\/2021\\\/05\\\/captaincruise.png\",\"width\":500,\"height\":87,\"caption\":\"CaptainCruise\"},\"image\":{\"@id\":\"https:\\\/\\\/www.captaincruise.be\\\/#\\\/schema\\\/logo\\\/image\\\/\"}}]}<\/script>\n<!-- \/ Yoast SEO plugin. -->","yoast_head_json":{"title":"TOP 10 HAL jusqu'au 28\/05 - CaptainCruise","robots":{"index":"index","follow":"follow","max-snippet":"max-snippet:-1","max-image-preview":"max-image-preview:large","max-video-preview":"max-video-preview:-1"},"canonical":"https:\/\/www.captaincruise.be\/fr\/top-10-hal-jusquau-30-04\/","og_locale":"fr_FR","og_type":"article","og_title":"TOP 10 HAL jusqu'au 28\/05 - CaptainCruise","og_description":"Naviguez d\u00e8s maintenant \u00e0 partir de 749,- \u20ac par personne ! Offre valable jusqu&rsquo;au 28\/05\/2024 Demandez \u00e0 nos experts en croisi\u00e8res les disponibilit\u00e9s, les conditions et les prix actuels \u00e0 info@captaincruise.be ou appelez-nous au 02 &#8211; 808 08 55.","og_url":"https:\/\/www.captaincruise.be\/fr\/top-10-hal-jusquau-30-04\/","og_site_name":"CaptainCruise","article_modified_time":"2024-05-14T09:54:10+00:00","og_image":[{"url":"https:\/\/www.captaincruise.be\/wp-content\/uploads\/2024\/05\/fr-e1715680382647.png","type":"","width":"","height":""}],"twitter_card":"summary_large_image","twitter_misc":{"Dur\u00e9e de lecture estim\u00e9e":"1 minute"},"schema":{"@context":"https:\/\/schema.org","@graph":[{"@type":"WebPage","@id":"https:\/\/www.captaincruise.be\/fr\/top-10-hal-jusquau-30-04\/","url":"https:\/\/www.captaincruise.be\/fr\/top-10-hal-jusquau-30-04\/","name":"TOP 10 HAL jusqu'au 28\/05 - CaptainCruise","isPartOf":{"@id":"https:\/\/www.captaincruise.be\/#website"},"primaryImageOfPage":{"@id":"https:\/\/www.captaincruise.be\/fr\/top-10-hal-jusquau-30-04\/#primaryimage"},"image":{"@id":"https:\/\/www.captaincruise.be\/fr\/top-10-hal-jusquau-30-04\/#primaryimage"},"thumbnailUrl":"https:\/\/www.captaincruise.be\/wp-content\/uploads\/2024\/05\/fr-e1715680382647.png","datePublished":"2024-04-19T08:00:51+00:00","dateModified":"2024-05-14T09:54:10+00:00","breadcrumb":{"@id":"https:\/\/www.captaincruise.be\/fr\/top-10-hal-jusquau-30-04\/#breadcrumb"},"inLanguage":"fr-FR","potentialAction":[{"@type":"ReadAction","target":["https:\/\/www.captaincruise.be\/fr\/top-10-hal-jusquau-30-04\/"]}]},{"@type":"ImageObject","inLanguage":"fr-FR","@id":"https:\/\/www.captaincruise.be\/fr\/top-10-hal-jusquau-30-04\/#primaryimage","url":"https:\/\/www.captaincruise.be\/wp-content\/uploads\/2024\/05\/fr-e1715680382647.png","contentUrl":"https:\/\/www.captaincruise.be\/wp-content\/uploads\/2024\/05\/fr-e1715680382647.png"},{"@type":"BreadcrumbList","@id":"https:\/\/www.captaincruise.be\/fr\/top-10-hal-jusquau-30-04\/#breadcrumb","itemListElement":[{"@type":"ListItem","position":1,"name":"Home","item":"https:\/\/www.captaincruise.be\/fr\/"},{"@type":"ListItem","position":2,"name":"TOP 10 HAL jusqu&rsquo;au 28\/05"}]},{"@type":"WebSite","@id":"https:\/\/www.captaincruise.be\/#website","url":"https:\/\/www.captaincruise.be\/","name":"CaptainCruise","description":"","publisher":{"@id":"https:\/\/www.captaincruise.be\/#organization"},"potentialAction":[{"@type":"SearchAction","target":{"@type":"EntryPoint","urlTemplate":"https:\/\/www.captaincruise.be\/?s={search_term_string}"},"query-input":{"@type":"PropertyValueSpecification","valueRequired":true,"valueName":"search_term_string"}}],"inLanguage":"fr-FR"},{"@type":"Organization","@id":"https:\/\/www.captaincruise.be\/#organization","name":"CaptainCruise","url":"https:\/\/www.captaincruise.be\/","logo":{"@type":"ImageObject","inLanguage":"fr-FR","@id":"https:\/\/www.captaincruise.be\/#\/schema\/logo\/image\/","url":"https:\/\/captb6.site.transip.me\u2019 --recurse-objects --skip-columns=guid\n\n\n\n;\n;\n\/wp-content\/uploads\/2021\/05\/captaincruise.png","contentUrl":"https:\/\/captb6.site.transip.me\u2019 --recurse-objects --skip-columns=guid\n\n\n\n;\n;\n\/wp-content\/uploads\/2021\/05\/captaincruise.png","width":500,"height":87,"caption":"CaptainCruise"},"image":{"@id":"https:\/\/www.captaincruise.be\/#\/schema\/logo\/image\/"}}]}},"_links":{"self":[{"href":"https:\/\/www.captaincruise.be\/fr\/wp-json\/wp\/v2\/pages\/840240","targetHints":{"allow":["GET"]}}],"collection":[{"href":"https:\/\/www.captaincruise.be\/fr\/wp-json\/wp\/v2\/pages"}],"about":[{"href":"https:\/\/www.captaincruise.be\/fr\/wp-json\/wp\/v2\/types\/page"}],"author":[{"embeddable":true,"href":"https:\/\/www.captaincruise.be\/fr\/wp-json\/wp\/v2\/users\/3"}],"replies":[{"embeddable":true,"href":"https:\/\/www.captaincruise.be\/fr\/wp-json\/wp\/v2\/comments?post=840240"}],"version-history":[{"count":0,"href":"https:\/\/www.captaincruise.be\/fr\/wp-json\/wp\/v2\/pages\/840240\/revisions"}],"wp:attachment":[{"href":"https:\/\/www.captaincruise.be\/fr\/wp-json\/wp\/v2\/media?parent=840240"}],"curies":[{"name":"wp","href":"https:\/\/api.w.org\/{rel}","templated":true}]}}